{"id":541,"date":"2024-07-30T01:44:19","date_gmt":"2024-07-30T01:44:19","guid":{"rendered":"https:\/\/bajocero.mx\/?page_id=541"},"modified":"2024-07-30T08:16:21","modified_gmt":"2024-07-30T08:16:21","slug":"solucion-de-problemas-estufas-hornos-wolf","status":"publish","type":"page","link":"https:\/\/bajocero.mx\/index.php\/solucion-de-problemas-estufas-hornos-wolf\/","title":{"rendered":"Soluci\u00f3n de Problemas Frecuentes en Estufas y Hornos Wolf"},"content":{"rendered":"\t\t<div data-elementor-type=\"wp-page\" data-elementor-id=\"541\" class=\"elementor elementor-541\" data-elementor-post-type=\"page\">\n\t\t\t\t\t\t<section class=\"elementor-section elementor-top-section elementor-element elementor-element-14e369a elementor-section-boxed elementor-section-height-default elementor-section-height-default\" data-id=\"14e369a\" data-element_type=\"section\">\n\t\t\t\t\t\t<div class=\"elementor-container elementor-column-gap-default\">\n\t\t\t\t\t<div class=\"elementor-column elementor-col-100 elementor-top-column elementor-element elementor-element-e872775\" data-id=\"e872775\" data-element_type=\"column\">\n\t\t\t<div class=\"elementor-widget-wrap elementor-element-populated\">\n\t\t\t\t\t\t<div class=\"elementor-element elementor-element-aff22ba elementor-widget elementor-widget-heading\" data-id=\"aff22ba\" data-element_type=\"widget\" data-widget_type=\"heading.default\">\n\t\t\t\t<div class=\"elementor-widget-container\">\n\t\t\t\t\t<h2 class=\"elementor-heading-title elementor-size-default\">Soluci\u00f3n de Problemas Frecuentes en Estufas y Hornos Wolf<\/h2>\t\t\t\t<\/div>\n\t\t\t\t<\/div>\n\t\t\t\t\t<\/div>\n\t\t<\/div>\n\t\t\t\t\t<\/div>\n\t\t<\/section>\n\t\t\t\t<section class=\"elementor-section elementor-top-section elementor-element elementor-element-569711a elementor-section-boxed elementor-section-height-default elementor-section-height-default\" data-id=\"569711a\" data-element_type=\"section\" data-settings=\"{&quot;background_background&quot;:&quot;classic&quot;}\">\n\t\t\t\t\t\t<div class=\"elementor-container elementor-column-gap-default\">\n\t\t\t\t\t<div class=\"elementor-column elementor-col-100 elementor-top-column elementor-element elementor-element-98edb54\" data-id=\"98edb54\" data-element_type=\"column\">\n\t\t\t<div class=\"elementor-widget-wrap elementor-element-populated\">\n\t\t\t\t\t\t<div class=\"elementor-element elementor-element-ce28e28 elementor-widget elementor-widget-image\" data-id=\"ce28e28\" data-element_type=\"widget\" data-widget_type=\"image.default\">\n\t\t\t\t<div class=\"elementor-widget-container\">\n\t\t\t\t\t\t\t\t\t\t\t\t\t\t\t<img fetchpriority=\"high\" decoding=\"async\" width=\"940\" height=\"788\" src=\"https:\/\/bajocero.mx\/wp-content\/uploads\/2024\/07\/Diseno-sin-titulo-81.png\" class=\"attachment-large size-large wp-image-528\" alt=\"\" srcset=\"https:\/\/bajocero.mx\/wp-content\/uploads\/2024\/07\/Diseno-sin-titulo-81.png 940w, https:\/\/bajocero.mx\/wp-content\/uploads\/2024\/07\/Diseno-sin-titulo-81-300x251.png 300w, https:\/\/bajocero.mx\/wp-content\/uploads\/2024\/07\/Diseno-sin-titulo-81-768x644.png 768w, https:\/\/bajocero.mx\/wp-content\/uploads\/2024\/07\/Diseno-sin-titulo-81-600x503.png 600w\" sizes=\"(max-width: 940px) 100vw, 940px\" \/>\t\t\t\t\t\t\t\t\t\t\t\t\t\t\t<\/div>\n\t\t\t\t<\/div>\n\t\t\t\t\t<\/div>\n\t\t<\/div>\n\t\t\t\t\t<\/div>\n\t\t<\/section>\n\t\t\t\t<section class=\"elementor-section elementor-top-section elementor-element elementor-element-283b605 elementor-section-boxed elementor-section-height-default elementor-section-height-default\" data-id=\"283b605\" data-element_type=\"section\">\n\t\t\t\t\t\t<div class=\"elementor-container elementor-column-gap-default\">\n\t\t\t\t\t<div class=\"elementor-column elementor-col-100 elementor-top-column elementor-element elementor-element-80b5ae6\" data-id=\"80b5ae6\" data-element_type=\"column\">\n\t\t\t<div class=\"elementor-widget-wrap elementor-element-populated\">\n\t\t\t\t\t\t<div class=\"elementor-element elementor-element-46221f1 elementor-widget elementor-widget-text-editor\" data-id=\"46221f1\" data-element_type=\"widget\" data-widget_type=\"text-editor.default\">\n\t\t\t\t<div class=\"elementor-widget-container\">\n\t\t\t\t\t\t\t\t\t<p>Las estufas y hornos Wolf son conocidos por su rendimiento y durabilidad, pero como cualquier electrodom\u00e9stico, pueden presentar problemas con el tiempo. En este art\u00edculo, abordaremos los problemas m\u00e1s comunes que pueden surgir en estufas y hornos Wolf y te proporcionaremos soluciones pr\u00e1cticas. Si necesitas ayuda profesional, en <a href=\"http:\/\/bajocero.mx\"><strong>Bajocero<\/strong><\/a> ofrecemos un servicio especializado de <a href=\"https:\/\/bajocero.mx\/index.php\/servicio-tecnico-subzero-wolf-cove-bajocero\/\"><strong>mantenimiento Wolf<\/strong> <\/a>en <strong>M\u00e9xico<\/strong>, <strong>CDMX<\/strong>, y <strong>Estado de M\u00e9xico<\/strong>.<\/p><h4>Problema 1: La Estufa No Enciende<\/h4><p>Uno de los problemas m\u00e1s frecuentes en estufas Wolf es que no encienden correctamente. Esto puede deberse a varias razones:<\/p><ol><li><strong>Quemadores Sucios<\/strong>: Aseg\u00farate de que los quemadores est\u00e9n limpios. La acumulaci\u00f3n de grasa y residuos puede obstruir el flujo de gas. Limpia los quemadores con regularidad.<\/li><li><strong>Encendedor Defectuoso<\/strong>: Verifica si el encendedor est\u00e1 funcionando correctamente. Si no escuchas el clic del encendedor, es posible que necesite ser reemplazado.<\/li><li><strong>Problemas de Gas<\/strong>: Aseg\u00farate de que la v\u00e1lvula de gas est\u00e9 abierta y que haya suministro de gas. Si el problema persiste, contacta a nuestro <strong>servicio t\u00e9cnico Wolf<\/strong> para una revisi\u00f3n profesional.<\/li><\/ol><h4>Problema 2: La Estufa Hace Ruidos Extra\u00f1os<\/h4><p>Los ruidos inusuales pueden ser una se\u00f1al de problemas internos. Aqu\u00ed hay algunas causas y soluciones:<\/p><ol><li><strong>Ventilador del Horno<\/strong>: Si el ruido proviene del horno, podr\u00eda ser el ventilador. Revisa si est\u00e1 bloqueado o necesita ser reemplazado.<\/li><li><strong>Componentes Sueltos<\/strong>: Verifica que no haya piezas sueltas dentro de la estufa. Aprieta cualquier tornillo o componente suelto.<\/li><li><strong>Problemas de Instalaci\u00f3n<\/strong>: Aseg\u00farate de que la estufa est\u00e9 nivelada y correctamente instalada para evitar vibraciones y ruidos.<\/li><\/ol><h4>Problema 3: El Horno No Calienta Uniformemente<\/h4><p>Un problema com\u00fan en los hornos Wolf es que no calientan de manera uniforme. Aqu\u00ed hay algunas posibles soluciones:<\/p><ol><li><strong>Elementos Calefactores<\/strong>: Revisa los elementos calefactores para asegurarte de que est\u00e9n funcionando correctamente. Si alguno est\u00e1 defectuoso, debe ser reemplazado.<\/li><li><strong>Termostato<\/strong>: Verifica que el termostato est\u00e9 calibrado correctamente. Si el termostato no est\u00e1 funcionando bien, el horno no calentar\u00e1 de manera uniforme.<\/li><li><strong>Ventilador del Horno<\/strong>: Si el horno tiene un ventilador de convecci\u00f3n, aseg\u00farate de que est\u00e9 funcionando correctamente. Un ventilador defectuoso puede causar una distribuci\u00f3n desigual del calor.<\/li><\/ol><h4>Problema 4: La Puerta del Horno No Cierra Bien<\/h4><p>Si la puerta del horno no cierra correctamente, puede afectar el rendimiento de cocci\u00f3n. Aqu\u00ed tienes algunos pasos para resolverlo:<\/p><ol><li><strong>Bisagras de la Puerta<\/strong>: Revisa las bisagras de la puerta para asegurarte de que no est\u00e9n dobladas o da\u00f1adas. Si es necesario, reemplaza las bisagras.<\/li><li><strong>Sellos de la Puerta<\/strong>: Verifica los sellos de la puerta para asegurarte de que est\u00e9n en buen estado. Si los sellos est\u00e1n desgastados o da\u00f1ados, reempl\u00e1zalos para asegurar un cierre herm\u00e9tico.<\/li><li><strong>Ajuste de la Puerta<\/strong>: Aseg\u00farate de que la puerta est\u00e9 correctamente alineada. Si est\u00e1 desalineada, ajusta la posici\u00f3n para garantizar un cierre adecuado.<\/li><\/ol><h4>Cu\u00e1ndo Contactar a un Profesional<\/h4><p>Si despu\u00e9s de realizar estos diagn\u00f3sticos y soluciones tu estufa o horno Wolf a\u00fan presenta problemas, es recomendable contactar a un profesional. En <a href=\"http:\/\/bajocero.mx\"><strong>Bajocero<\/strong><\/a>, ofrecemos un<a href=\"https:\/\/bajocero.mx\/index.php\/servicio-tecnico-subzero-wolf-cove-bajocero\/\"> <strong>servicio t\u00e9cnico Wolf<\/strong><\/a> especializado en <strong>M\u00e9xico<\/strong>, incluyendo <strong>CDMX<\/strong> y <strong>Estado de M\u00e9xico<\/strong>. Nuestro equipo de expertos est\u00e1 capacitado para resolver cualquier inconveniente y mantener tus electrodom\u00e9sticos funcionando como nuevos.<\/p><p>Recuerda, un <strong>mantenimiento<\/strong> regular y adecuado puede prevenir muchos de estos problemas y prolongar la vida \u00fatil de tus electrodom\u00e9sticos Wolf. Si necesitas asistencia, no dudes en contactarnos para obtener un servicio Wolf de alta calidad.<\/p><p>Para m\u00e1s informaci\u00f3n y ayuda, visita nuestra p\u00e1gina en <strong>Bajocero<\/strong> y descubre c\u00f3mo podemos ayudarte a mantener tus electrodom\u00e9sticos en \u00f3ptimas condiciones.<\/p>\t\t\t\t\t\t\t\t<\/div>\n\t\t\t\t<\/div>\n\t\t\t\t\t<\/div>\n\t\t<\/div>\n\t\t\t\t\t<\/div>\n\t\t<\/section>\n\t\t\t\t<section class=\"elementor-section elementor-top-section elementor-element elementor-element-ee1dcd6 elementor-section-boxed elementor-section-height-default elementor-section-height-default\" data-id=\"ee1dcd6\" data-element_type=\"section\">\n\t\t\t\t\t\t<div class=\"elementor-container elementor-column-gap-default\">\n\t\t\t\t\t<div class=\"elementor-column elementor-col-100 elementor-top-column elementor-element elementor-element-c1e588a\" data-id=\"c1e588a\" data-element_type=\"column\">\n\t\t\t<div class=\"elementor-widget-wrap elementor-element-populated\">\n\t\t\t\t\t\t<div class=\"elementor-element elementor-element-f781057 elementor-widget elementor-widget-image\" data-id=\"f781057\" data-element_type=\"widget\" data-widget_type=\"image.default\">\n\t\t\t\t<div class=\"elementor-widget-container\">\n\t\t\t\t\t\t\t\t\t\t\t\t\t\t\t<img decoding=\"async\" width=\"946\" height=\"284\" src=\"https:\/\/bajocero.mx\/wp-content\/uploads\/2022\/11\/Verde-Dorado-Rustico-Artesanal-Graduacion-en-Auto-Banner.gif\" class=\"attachment-large size-large wp-image-66\" alt=\"\" \/>\t\t\t\t\t\t\t\t\t\t\t\t\t\t\t<\/div>\n\t\t\t\t<\/div>\n\t\t\t\t\t<\/div>\n\t\t<\/div>\n\t\t\t\t\t<\/div>\n\t\t<\/section>\n\t\t\t\t<section class=\"elementor-section elementor-top-section elementor-element elementor-element-2f3c8f1 elementor-section-boxed elementor-section-height-default elementor-section-height-default\" data-id=\"2f3c8f1\" data-element_type=\"section\">\n\t\t\t\t\t\t<div class=\"elementor-container elementor-column-gap-default\">\n\t\t\t\t\t<div class=\"elementor-column elementor-col-100 elementor-top-column elementor-element elementor-element-9dc7f7a\" data-id=\"9dc7f7a\" data-element_type=\"column\">\n\t\t\t<div class=\"elementor-widget-wrap elementor-element-populated\">\n\t\t\t\t\t\t<div class=\"elementor-element elementor-element-bf9dc3c elementor-widget elementor-widget-testimonial\" data-id=\"bf9dc3c\" data-element_type=\"widget\" data-widget_type=\"testimonial.default\">\n\t\t\t\t<div class=\"elementor-widget-container\">\n\t\t\t\t\t\t\t<div class=\"elementor-testimonial-wrapper\">\n\t\t\t\t\t\t\t<div class=\"elementor-testimonial-content\">Escrito por:<\/div>\n\t\t\t\n\t\t\t\t\t\t<div class=\"elementor-testimonial-meta elementor-has-image elementor-testimonial-image-position-aside\">\n\t\t\t\t<div class=\"elementor-testimonial-meta-inner\">\n\t\t\t\t\t\t\t\t\t\t\t<div class=\"elementor-testimonial-image\">\n\t\t\t\t\t\t\t<img decoding=\"async\" width=\"512\" height=\"512\" src=\"https:\/\/bajocero.mx\/wp-content\/uploads\/2024\/01\/cropped-BAJO-CERO-10.png\" class=\"attachment-full size-full wp-image-350\" alt=\"\" srcset=\"https:\/\/bajocero.mx\/wp-content\/uploads\/2024\/01\/cropped-BAJO-CERO-10.png 512w, https:\/\/bajocero.mx\/wp-content\/uploads\/2024\/01\/cropped-BAJO-CERO-10-300x300.png 300w, https:\/\/bajocero.mx\/wp-content\/uploads\/2024\/01\/cropped-BAJO-CERO-10-150x150.png 150w, https:\/\/bajocero.mx\/wp-content\/uploads\/2024\/01\/cropped-BAJO-CERO-10-100x100.png 100w, https:\/\/bajocero.mx\/wp-content\/uploads\/2024\/01\/cropped-BAJO-CERO-10-270x270.png 270w, https:\/\/bajocero.mx\/wp-content\/uploads\/2024\/01\/cropped-BAJO-CERO-10-192x192.png 192w, https:\/\/bajocero.mx\/wp-content\/uploads\/2024\/01\/cropped-BAJO-CERO-10-180x180.png 180w, https:\/\/bajocero.mx\/wp-content\/uploads\/2024\/01\/cropped-BAJO-CERO-10-32x32.png 32w\" sizes=\"(max-width: 512px) 100vw, 512px\" \/>\t\t\t\t\t\t<\/div>\n\t\t\t\t\t\n\t\t\t\t\t\t\t\t\t\t<div class=\"elementor-testimonial-details\">\n\t\t\t\t\t\t\t\t\t\t\t\t\t\t<div class=\"elementor-testimonial-name\">Bajocero<\/div>\n\t\t\t\t\t\t\t\t\t\t\t\t\t\t\t\t\t\t\t\t\t\t<div class=\"elementor-testimonial-job\">Servicio T\u00e9cnico<\/div>\n\t\t\t\t\t\t\t\t\t\t\t\t\t<\/div>\n\t\t\t\t\t\t\t\t\t<\/div>\n\t\t\t<\/div>\n\t\t\t\t\t<\/div>\n\t\t\t\t\t\t<\/div>\n\t\t\t\t<\/div>\n\t\t\t\t\t<\/div>\n\t\t<\/div>\n\t\t\t\t\t<\/div>\n\t\t<\/section>\n\t\t\t\t<section class=\"elementor-section elementor-top-section elementor-element elementor-element-f828226 elementor-section-boxed elementor-section-height-default elementor-section-height-default\" data-id=\"f828226\" data-element_type=\"section\">\n\t\t\t\t\t\t<div class=\"elementor-container elementor-column-gap-default\">\n\t\t\t\t\t<div class=\"elementor-column elementor-col-100 elementor-top-column elementor-element elementor-element-1f1b876\" data-id=\"1f1b876\" data-element_type=\"column\">\n\t\t\t<div class=\"elementor-widget-wrap elementor-element-populated\">\n\t\t\t\t\t\t<div class=\"elementor-element elementor-element-8b93871 elementor-widget elementor-widget-heading\" data-id=\"8b93871\" data-element_type=\"widget\" data-widget_type=\"heading.default\">\n\t\t\t\t<div class=\"elementor-widget-container\">\n\t\t\t\t\t<h2 class=\"elementor-heading-title elementor-size-default\">Art\u00edculos relacionados<\/h2>\t\t\t\t<\/div>\n\t\t\t\t<\/div>\n\t\t\t\t\t<\/div>\n\t\t<\/div>\n\t\t\t\t\t<\/div>\n\t\t<\/section>\n\t\t\t\t<section class=\"elementor-section elementor-top-section elementor-element elementor-element-48f86be elementor-section-boxed elementor-section-height-default elementor-section-height-default\" data-id=\"48f86be\" data-element_type=\"section\">\n\t\t\t\t\t\t<div class=\"elementor-container elementor-column-gap-default\">\n\t\t\t\t\t<div class=\"elementor-column elementor-col-50 elementor-top-column elementor-element elementor-element-d979946\" data-id=\"d979946\" data-element_type=\"column\">\n\t\t\t<div class=\"elementor-widget-wrap elementor-element-populated\">\n\t\t\t\t\t\t<div class=\"elementor-element elementor-element-bf92698 elementor-position-top elementor-widget elementor-widget-image-box\" data-id=\"bf92698\" data-element_type=\"widget\" data-widget_type=\"image-box.default\">\n\t\t\t\t<div class=\"elementor-widget-container\">\n\t\t\t\t\t<div class=\"elementor-image-box-wrapper\"><figure class=\"elementor-image-box-img\"><a href=\"https:\/\/bajocero.mx\/index.php\/como-diagnosticar-resolver-problemas-refrigeradores-subzero\/\" tabindex=\"-1\"><img loading=\"lazy\" decoding=\"async\" width=\"940\" height=\"788\" src=\"https:\/\/bajocero.mx\/wp-content\/uploads\/2024\/07\/Diseno-sin-titulo-79.png\" class=\"attachment-full size-full wp-image-526\" alt=\"\" srcset=\"https:\/\/bajocero.mx\/wp-content\/uploads\/2024\/07\/Diseno-sin-titulo-79.png 940w, https:\/\/bajocero.mx\/wp-content\/uploads\/2024\/07\/Diseno-sin-titulo-79-300x251.png 300w, https:\/\/bajocero.mx\/wp-content\/uploads\/2024\/07\/Diseno-sin-titulo-79-768x644.png 768w, https:\/\/bajocero.mx\/wp-content\/uploads\/2024\/07\/Diseno-sin-titulo-79-600x503.png 600w\" sizes=\"(max-width: 940px) 100vw, 940px\" \/><\/a><\/figure><div class=\"elementor-image-box-content\"><h3 class=\"elementor-image-box-title\"><a href=\"https:\/\/bajocero.mx\/index.php\/como-diagnosticar-resolver-problemas-refrigeradores-subzero\/\">C\u00f3mo Diagnosticar y Resolver Problemas Comunes en Refrigeradores Subzero<\/a><\/h3><p class=\"elementor-image-box-description\">En este art\u00edculo, te ense\u00f1amos a diagnosticar y resolver problemas comunes en refrigeradores Sub-Zero. Aprende a identificar y solucionar fallas t\u00edpicas y descubre c\u00f3mo nuestro servicio t\u00e9cnico Sub-Zero en M\u00e9xico, CDMX, y Estado de M\u00e9xico puede asistirte.<\/p><\/div><\/div>\t\t\t\t<\/div>\n\t\t\t\t<\/div>\n\t\t\t\t\t<\/div>\n\t\t<\/div>\n\t\t\t\t<div class=\"elementor-column elementor-col-50 elementor-top-column elementor-element elementor-element-5edb2d8\" data-id=\"5edb2d8\" data-element_type=\"column\">\n\t\t\t<div class=\"elementor-widget-wrap elementor-element-populated\">\n\t\t\t\t\t\t<div class=\"elementor-element elementor-element-87be3be elementor-position-top elementor-widget elementor-widget-image-box\" data-id=\"87be3be\" data-element_type=\"widget\" data-widget_type=\"image-box.default\">\n\t\t\t\t<div class=\"elementor-widget-container\">\n\t\t\t\t\t<div class=\"elementor-image-box-wrapper\"><figure class=\"elementor-image-box-img\"><a href=\"https:\/\/bajocero.mx\/index.php\/problemas-comunes-estufas-refrigeradores-viking-como-arreglarlos\/\" tabindex=\"-1\"><img loading=\"lazy\" decoding=\"async\" width=\"940\" height=\"788\" src=\"https:\/\/bajocero.mx\/wp-content\/uploads\/2024\/07\/Diseno-sin-titulo-80.png\" class=\"attachment-full size-full wp-image-527\" alt=\"\" srcset=\"https:\/\/bajocero.mx\/wp-content\/uploads\/2024\/07\/Diseno-sin-titulo-80.png 940w, https:\/\/bajocero.mx\/wp-content\/uploads\/2024\/07\/Diseno-sin-titulo-80-300x251.png 300w, https:\/\/bajocero.mx\/wp-content\/uploads\/2024\/07\/Diseno-sin-titulo-80-768x644.png 768w, https:\/\/bajocero.mx\/wp-content\/uploads\/2024\/07\/Diseno-sin-titulo-80-600x503.png 600w\" sizes=\"(max-width: 940px) 100vw, 940px\" \/><\/a><\/figure><div class=\"elementor-image-box-content\"><h3 class=\"elementor-image-box-title\"><a href=\"https:\/\/bajocero.mx\/index.php\/problemas-comunes-estufas-refrigeradores-viking-como-arreglarlos\/\">Problemas Comunes en Estufas y Refrigeradores Viking y C\u00f3mo Arreglarlos<\/a><\/h3><p class=\"elementor-image-box-description\">En este art\u00edculo, te mostramos c\u00f3mo identificar y solucionar problemas comunes en estufas y refrigeradores Viking. Aprende a manejar fallas t\u00edpicas y conoce c\u00f3mo nuestro servicio t\u00e9cnico Viking en M\u00e9xico, CDMX, y Estado de M\u00e9xico puede ayudarte.<\/p><\/div><\/div>\t\t\t\t<\/div>\n\t\t\t\t<\/div>\n\t\t\t\t\t<\/div>\n\t\t<\/div>\n\t\t\t\t\t<\/div>\n\t\t<\/section>\n\t\t\t\t<\/div>\n\t\t","protected":false},"excerpt":{"rendered":"<p>Soluci\u00f3n de Problemas Frecuentes en Estufas y Hornos Wolf Las estufas y hornos Wolf son conocidos por su rendimiento y durabilidad, pero como cualquier electrodom\u00e9stico, pueden presentar problemas con el tiempo. En este art\u00edculo, abordaremos los problemas m\u00e1s comunes que pueden surgir en estufas y hornos Wolf y te proporcionaremos soluciones pr\u00e1cticas. Si necesitas ayuda &hellip;<\/p>\n<p class=\"read-more\"> <a class=\"\" href=\"https:\/\/bajocero.mx\/index.php\/solucion-de-problemas-estufas-hornos-wolf\/\"> <span class=\"screen-reader-text\">Soluci\u00f3n de Problemas Frecuentes en Estufas y Hornos Wolf<\/span> Leer m\u00e1s &raquo;<\/a><\/p>\n","protected":false},"author":1,"featured_media":30,"parent":0,"menu_order":0,"comment_status":"closed","ping_status":"closed","template":"","meta":{"_mi_skip_tracking":false,"site-sidebar-layout":"no-sidebar","site-content-layout":"page-builder","ast-global-header-display":"","ast-main-header-display":"","ast-hfb-above-header-display":"","ast-hfb-below-header-display":"","ast-hfb-mobile-header-display":"","site-post-title":"disabled","ast-breadcrumbs-content":"","ast-featured-img":"disabled","footer-sml-layout":"","theme-transparent-header-meta":"","adv-header-id-meta":"","stick-header-meta":"","header-above-stick-meta":"","header-main-stick-meta":"","header-below-stick-meta":"","footnotes":""},"class_list":["post-541","page","type-page","status-publish","has-post-thumbnail","hentry"],"yoast_head":"<!-- This site is optimized with the Yoast SEO plugin v19.10 - https:\/\/yoast.com\/wordpress\/plugins\/seo\/ -->\n<title>Soluci\u00f3n de Problemas Frecuentes en Estufas y Hornos Wolf -<\/title>\n<meta name=\"robots\" content=\"index, follow, max-snippet:-1, max-image-preview:large, max-video-preview:-1\" \/>\n<link rel=\"canonical\" href=\"https:\/\/bajocero.mx\/index.php\/solucion-de-problemas-estufas-hornos-wolf\/\" \/>\n<meta property=\"og:locale\" content=\"es_MX\" \/>\n<meta property=\"og:type\" content=\"article\" \/>\n<meta property=\"og:title\" content=\"Soluci\u00f3n de Problemas Frecuentes en Estufas y Hornos Wolf -\" \/>\n<meta property=\"og:description\" content=\"Soluci\u00f3n de Problemas Frecuentes en Estufas y Hornos Wolf Las estufas y hornos Wolf son conocidos por su rendimiento y durabilidad, pero como cualquier electrodom\u00e9stico, pueden presentar problemas con el tiempo. En este art\u00edculo, abordaremos los problemas m\u00e1s comunes que pueden surgir en estufas y hornos Wolf y te proporcionaremos soluciones pr\u00e1cticas. Si necesitas ayuda &hellip; Soluci\u00f3n de Problemas Frecuentes en Estufas y Hornos Wolf Leer m\u00e1s &raquo;\" \/>\n<meta property=\"og:url\" content=\"https:\/\/bajocero.mx\/index.php\/solucion-de-problemas-estufas-hornos-wolf\/\" \/>\n<meta property=\"article:modified_time\" content=\"2024-07-30T08:16:21+00:00\" \/>\n<meta property=\"og:image\" content=\"https:\/\/bajocero.mx\/wp-content\/uploads\/2022\/11\/ELECTRODOMESTICOS-DEXA-3.png\" \/>\n\t<meta property=\"og:image:width\" content=\"540\" \/>\n\t<meta property=\"og:image:height\" content=\"540\" \/>\n\t<meta property=\"og:image:type\" content=\"image\/png\" \/>\n<meta name=\"twitter:card\" content=\"summary_large_image\" \/>\n<meta name=\"twitter:label1\" content=\"Tiempo de lectura\" \/>\n\t<meta name=\"twitter:data1\" content=\"5 minutos\" \/>\n<script type=\"application\/ld+json\" class=\"yoast-schema-graph\">{\"@context\":\"https:\/\/schema.org\",\"@graph\":[{\"@type\":\"WebPage\",\"@id\":\"https:\/\/bajocero.mx\/index.php\/solucion-de-problemas-estufas-hornos-wolf\/\",\"url\":\"https:\/\/bajocero.mx\/index.php\/solucion-de-problemas-estufas-hornos-wolf\/\",\"name\":\"Soluci\u00f3n de Problemas Frecuentes en Estufas y Hornos Wolf -\",\"isPartOf\":{\"@id\":\"https:\/\/bajocero.mx\/#website\"},\"datePublished\":\"2024-07-30T01:44:19+00:00\",\"dateModified\":\"2024-07-30T08:16:21+00:00\",\"breadcrumb\":{\"@id\":\"https:\/\/bajocero.mx\/index.php\/solucion-de-problemas-estufas-hornos-wolf\/#breadcrumb\"},\"inLanguage\":\"es\",\"potentialAction\":[{\"@type\":\"ReadAction\",\"target\":[\"https:\/\/bajocero.mx\/index.php\/solucion-de-problemas-estufas-hornos-wolf\/\"]}]},{\"@type\":\"BreadcrumbList\",\"@id\":\"https:\/\/bajocero.mx\/index.php\/solucion-de-problemas-estufas-hornos-wolf\/#breadcrumb\",\"itemListElement\":[{\"@type\":\"ListItem\",\"position\":1,\"name\":\"Home\",\"item\":\"https:\/\/bajocero.mx\/\"},{\"@type\":\"ListItem\",\"position\":2,\"name\":\"Soluci\u00f3n de Problemas Frecuentes en Estufas y Hornos Wolf\"}]},{\"@type\":\"WebSite\",\"@id\":\"https:\/\/bajocero.mx\/#website\",\"url\":\"https:\/\/bajocero.mx\/\",\"name\":\"\",\"description\":\"\",\"potentialAction\":[{\"@type\":\"SearchAction\",\"target\":{\"@type\":\"EntryPoint\",\"urlTemplate\":\"https:\/\/bajocero.mx\/?s={search_term_string}\"},\"query-input\":\"required name=search_term_string\"}],\"inLanguage\":\"es\"}]}<\/script>\n<!-- \/ Yoast SEO plugin. -->","yoast_head_json":{"title":"Soluci\u00f3n de Problemas Frecuentes en Estufas y Hornos Wolf -","robots":{"index":"index","follow":"follow","max-snippet":"max-snippet:-1","max-image-preview":"max-image-preview:large","max-video-preview":"max-video-preview:-1"},"canonical":"https:\/\/bajocero.mx\/index.php\/solucion-de-problemas-estufas-hornos-wolf\/","og_locale":"es_MX","og_type":"article","og_title":"Soluci\u00f3n de Problemas Frecuentes en Estufas y Hornos Wolf -","og_description":"Soluci\u00f3n de Problemas Frecuentes en Estufas y Hornos Wolf Las estufas y hornos Wolf son conocidos por su rendimiento y durabilidad, pero como cualquier electrodom\u00e9stico, pueden presentar problemas con el tiempo. En este art\u00edculo, abordaremos los problemas m\u00e1s comunes que pueden surgir en estufas y hornos Wolf y te proporcionaremos soluciones pr\u00e1cticas. Si necesitas ayuda &hellip; Soluci\u00f3n de Problemas Frecuentes en Estufas y Hornos Wolf Leer m\u00e1s &raquo;","og_url":"https:\/\/bajocero.mx\/index.php\/solucion-de-problemas-estufas-hornos-wolf\/","article_modified_time":"2024-07-30T08:16:21+00:00","og_image":[{"width":540,"height":540,"url":"https:\/\/bajocero.mx\/wp-content\/uploads\/2022\/11\/ELECTRODOMESTICOS-DEXA-3.png","type":"image\/png"}],"twitter_card":"summary_large_image","twitter_misc":{"Tiempo de lectura":"5 minutos"},"schema":{"@context":"https:\/\/schema.org","@graph":[{"@type":"WebPage","@id":"https:\/\/bajocero.mx\/index.php\/solucion-de-problemas-estufas-hornos-wolf\/","url":"https:\/\/bajocero.mx\/index.php\/solucion-de-problemas-estufas-hornos-wolf\/","name":"Soluci\u00f3n de Problemas Frecuentes en Estufas y Hornos Wolf -","isPartOf":{"@id":"https:\/\/bajocero.mx\/#website"},"datePublished":"2024-07-30T01:44:19+00:00","dateModified":"2024-07-30T08:16:21+00:00","breadcrumb":{"@id":"https:\/\/bajocero.mx\/index.php\/solucion-de-problemas-estufas-hornos-wolf\/#breadcrumb"},"inLanguage":"es","potentialAction":[{"@type":"ReadAction","target":["https:\/\/bajocero.mx\/index.php\/solucion-de-problemas-estufas-hornos-wolf\/"]}]},{"@type":"BreadcrumbList","@id":"https:\/\/bajocero.mx\/index.php\/solucion-de-problemas-estufas-hornos-wolf\/#breadcrumb","itemListElement":[{"@type":"ListItem","position":1,"name":"Home","item":"https:\/\/bajocero.mx\/"},{"@type":"ListItem","position":2,"name":"Soluci\u00f3n de Problemas Frecuentes en Estufas y Hornos Wolf"}]},{"@type":"WebSite","@id":"https:\/\/bajocero.mx\/#website","url":"https:\/\/bajocero.mx\/","name":"","description":"","potentialAction":[{"@type":"SearchAction","target":{"@type":"EntryPoint","urlTemplate":"https:\/\/bajocero.mx\/?s={search_term_string}"},"query-input":"required name=search_term_string"}],"inLanguage":"es"}]}},"_links":{"self":[{"href":"https:\/\/bajocero.mx\/index.php\/wp-json\/wp\/v2\/pages\/541","targetHints":{"allow":["GET"]}}],"collection":[{"href":"https:\/\/bajocero.mx\/index.php\/wp-json\/wp\/v2\/pages"}],"about":[{"href":"https:\/\/bajocero.mx\/index.php\/wp-json\/wp\/v2\/types\/page"}],"author":[{"embeddable":true,"href":"https:\/\/bajocero.mx\/index.php\/wp-json\/wp\/v2\/users\/1"}],"replies":[{"embeddable":true,"href":"https:\/\/bajocero.mx\/index.php\/wp-json\/wp\/v2\/comments?post=541"}],"version-history":[{"count":0,"href":"https:\/\/bajocero.mx\/index.php\/wp-json\/wp\/v2\/pages\/541\/revisions"}],"wp:featuredmedia":[{"embeddable":true,"href":"https:\/\/bajocero.mx\/index.php\/wp-json\/wp\/v2\/media\/30"}],"wp:attachment":[{"href":"https:\/\/bajocero.mx\/index.php\/wp-json\/wp\/v2\/media?parent=541"}],"curies":[{"name":"wp","href":"https:\/\/api.w.org\/{rel}","templated":true}]}}