{"id":78,"date":"2022-11-21T22:55:38","date_gmt":"2022-11-21T22:55:38","guid":{"rendered":"https:\/\/bajocero.mx\/?post_type=product&#038;p=78"},"modified":"2022-11-22T02:54:38","modified_gmt":"2022-11-22T02:54:38","slug":"filtro-para-fabrica-de-hielo","status":"publish","type":"product","link":"https:\/\/bajocero.mx\/index.php\/product\/filtro-para-fabrica-de-hielo\/","title":{"rendered":"Filtro para f\u00e1brica de hielo"},"content":{"rendered":"<ul class=\"a-unordered-list a-vertical a-spacing-mini\">\n<li><span class=\"a-list-item\"><span style=\"vertical-align: inherit;\"><span style=\"vertical-align: inherit;\">El filtro de agua para maquina de hielo Sub-Zero 7012333 UC-15 solo es adecuado para maquina de hielo Sub-Zero UC-15, verifique el tama\u00f1o antes de comprar.<\/span><\/span><\/span><\/li>\n<li><span class=\"a-list-item\"><span style=\"vertical-align: inherit;\"><span style=\"vertical-align: inherit;\">Filtro de agua Sub-Zero 7012333: Filtro de bloque de carbono de c\u00e1scara de coco extra, si encuentra que el flujo de agua est\u00e1 disminuyendo, esto es causado por el efecto de filtraci\u00f3n de alta precisi\u00f3n de 0,5 micras.<\/span><\/span><\/span><\/li>\n<li><span class=\"a-list-item\"><span style=\"vertical-align: inherit;\"><span style=\"vertical-align: inherit;\">Vida \u00fatil del filtro de agua para m\u00e1quina de hielo Sub Zero puede utilizar 3-6 meses o 2800 galones (lo que est\u00e1 adelantado primero). <\/span><span style=\"vertical-align: inherit;\">Para obtener los mejores resultados de filtrado, libera 3-5 galones de agua antes de su uso.<\/span><\/span><\/span><\/li>\n<\/ul>\n","protected":false},"excerpt":{"rendered":"<p>El filtro de agua para maquina de hielo Sub-Zero 7012333 UC-15 solo es adecuado para maquina de hielo Sub-Zero UC-15, verifique el tama\u00f1o antes de comprar. Filtro de agua Sub-Zero 7012333: Filtro de bloque de carbono de c\u00e1scara de coco extra, si encuentra que el flujo de agua est\u00e1 disminuyendo, esto es causado por el &hellip;<\/p>\n<p class=\"read-more\"> <a class=\"\" href=\"https:\/\/bajocero.mx\/index.php\/product\/filtro-para-fabrica-de-hielo\/\"> <span class=\"screen-reader-text\">Filtro para f\u00e1brica de hielo<\/span> Leer m\u00e1s &raquo;<\/a><\/p>\n","protected":false},"featured_media":79,"comment_status":"open","ping_status":"closed","template":"","meta":{"_mi_skip_tracking":false,"site-sidebar-layout":"default","site-content-layout":"default","ast-global-header-display":"","ast-main-header-display":"","ast-hfb-above-header-display":"","ast-hfb-below-header-display":"","ast-hfb-mobile-header-display":"","site-post-title":"","ast-breadcrumbs-content":"","ast-featured-img":"","footer-sml-layout":"","theme-transparent-header-meta":"default","adv-header-id-meta":"","stick-header-meta":"","header-above-stick-meta":"","header-main-stick-meta":"","header-below-stick-meta":""},"product_cat":[18],"product_tag":[],"class_list":["post-78","product","type-product","status-publish","has-post-thumbnail","hentry","product_cat-productos-bajocero","desktop-align-left","tablet-align-left","mobile-align-left"],"yoast_head":"<!-- This site is optimized with the Yoast SEO plugin v19.10 - https:\/\/yoast.com\/wordpress\/plugins\/seo\/ -->\n<title>Filtro para f\u00e1brica de hielo -<\/title>\n<meta name=\"robots\" content=\"index, follow, max-snippet:-1, max-image-preview:large, max-video-preview:-1\" \/>\n<link rel=\"canonical\" href=\"https:\/\/bajocero.mx\/index.php\/product\/filtro-para-fabrica-de-hielo\/\" \/>\n<meta property=\"og:locale\" content=\"es_MX\" \/>\n<meta property=\"og:type\" content=\"article\" \/>\n<meta property=\"og:title\" content=\"Filtro para f\u00e1brica de hielo -\" \/>\n<meta property=\"og:description\" content=\"El filtro de agua para maquina de hielo Sub-Zero 7012333 UC-15 solo es adecuado para maquina de hielo Sub-Zero UC-15, verifique el tama\u00f1o antes de comprar. Filtro de agua Sub-Zero 7012333: Filtro de bloque de carbono de c\u00e1scara de coco extra, si encuentra que el flujo de agua est\u00e1 disminuyendo, esto es causado por el &hellip; Filtro para f\u00e1brica de hielo Leer m\u00e1s &raquo;\" \/>\n<meta property=\"og:url\" content=\"https:\/\/bajocero.mx\/index.php\/product\/filtro-para-fabrica-de-hielo\/\" \/>\n<meta property=\"article:modified_time\" content=\"2022-11-22T02:54:38+00:00\" \/>\n<meta property=\"og:image\" content=\"https:\/\/bajocero.mx\/wp-content\/uploads\/2022\/11\/BAJO-CERO-5.png\" \/>\n\t<meta property=\"og:image:width\" content=\"1000\" \/>\n\t<meta property=\"og:image:height\" content=\"1000\" \/>\n\t<meta property=\"og:image:type\" content=\"image\/png\" \/>\n<meta name=\"twitter:card\" content=\"summary_large_image\" \/>\n<meta name=\"twitter:label1\" content=\"Tiempo de lectura\" \/>\n\t<meta name=\"twitter:data1\" content=\"1 minuto\" \/>\n<script type=\"application\/ld+json\" class=\"yoast-schema-graph\">{\"@context\":\"https:\/\/schema.org\",\"@graph\":[{\"@type\":\"WebPage\",\"@id\":\"https:\/\/bajocero.mx\/index.php\/product\/filtro-para-fabrica-de-hielo\/\",\"url\":\"https:\/\/bajocero.mx\/index.php\/product\/filtro-para-fabrica-de-hielo\/\",\"name\":\"Filtro para f\u00e1brica de hielo -\",\"isPartOf\":{\"@id\":\"https:\/\/bajocero.mx\/#website\"},\"datePublished\":\"2022-11-21T22:55:38+00:00\",\"dateModified\":\"2022-11-22T02:54:38+00:00\",\"breadcrumb\":{\"@id\":\"https:\/\/bajocero.mx\/index.php\/product\/filtro-para-fabrica-de-hielo\/#breadcrumb\"},\"inLanguage\":\"es\",\"potentialAction\":[{\"@type\":\"ReadAction\",\"target\":[\"https:\/\/bajocero.mx\/index.php\/product\/filtro-para-fabrica-de-hielo\/\"]}]},{\"@type\":\"BreadcrumbList\",\"@id\":\"https:\/\/bajocero.mx\/index.php\/product\/filtro-para-fabrica-de-hielo\/#breadcrumb\",\"itemListElement\":[{\"@type\":\"ListItem\",\"position\":1,\"name\":\"Home\",\"item\":\"https:\/\/bajocero.mx\/\"},{\"@type\":\"ListItem\",\"position\":2,\"name\":\"Cat\u00e1logo\",\"item\":\"https:\/\/bajocero.mx\/index.php\/catalogo-de-productos-bajocero\/\"},{\"@type\":\"ListItem\",\"position\":3,\"name\":\"Filtro para f\u00e1brica de hielo\"}]},{\"@type\":\"WebSite\",\"@id\":\"https:\/\/bajocero.mx\/#website\",\"url\":\"https:\/\/bajocero.mx\/\",\"name\":\"\",\"description\":\"\",\"potentialAction\":[{\"@type\":\"SearchAction\",\"target\":{\"@type\":\"EntryPoint\",\"urlTemplate\":\"https:\/\/bajocero.mx\/?s={search_term_string}\"},\"query-input\":\"required name=search_term_string\"}],\"inLanguage\":\"es\"}]}<\/script>\n<!-- \/ Yoast SEO plugin. -->","yoast_head_json":{"title":"Filtro para f\u00e1brica de hielo -","robots":{"index":"index","follow":"follow","max-snippet":"max-snippet:-1","max-image-preview":"max-image-preview:large","max-video-preview":"max-video-preview:-1"},"canonical":"https:\/\/bajocero.mx\/index.php\/product\/filtro-para-fabrica-de-hielo\/","og_locale":"es_MX","og_type":"article","og_title":"Filtro para f\u00e1brica de hielo -","og_description":"El filtro de agua para maquina de hielo Sub-Zero 7012333 UC-15 solo es adecuado para maquina de hielo Sub-Zero UC-15, verifique el tama\u00f1o antes de comprar. Filtro de agua Sub-Zero 7012333: Filtro de bloque de carbono de c\u00e1scara de coco extra, si encuentra que el flujo de agua est\u00e1 disminuyendo, esto es causado por el &hellip; Filtro para f\u00e1brica de hielo Leer m\u00e1s &raquo;","og_url":"https:\/\/bajocero.mx\/index.php\/product\/filtro-para-fabrica-de-hielo\/","article_modified_time":"2022-11-22T02:54:38+00:00","og_image":[{"width":1000,"height":1000,"url":"https:\/\/bajocero.mx\/wp-content\/uploads\/2022\/11\/BAJO-CERO-5.png","type":"image\/png"}],"twitter_card":"summary_large_image","twitter_misc":{"Tiempo de lectura":"1 minuto"},"schema":{"@context":"https:\/\/schema.org","@graph":[{"@type":"WebPage","@id":"https:\/\/bajocero.mx\/index.php\/product\/filtro-para-fabrica-de-hielo\/","url":"https:\/\/bajocero.mx\/index.php\/product\/filtro-para-fabrica-de-hielo\/","name":"Filtro para f\u00e1brica de hielo -","isPartOf":{"@id":"https:\/\/bajocero.mx\/#website"},"datePublished":"2022-11-21T22:55:38+00:00","dateModified":"2022-11-22T02:54:38+00:00","breadcrumb":{"@id":"https:\/\/bajocero.mx\/index.php\/product\/filtro-para-fabrica-de-hielo\/#breadcrumb"},"inLanguage":"es","potentialAction":[{"@type":"ReadAction","target":["https:\/\/bajocero.mx\/index.php\/product\/filtro-para-fabrica-de-hielo\/"]}]},{"@type":"BreadcrumbList","@id":"https:\/\/bajocero.mx\/index.php\/product\/filtro-para-fabrica-de-hielo\/#breadcrumb","itemListElement":[{"@type":"ListItem","position":1,"name":"Home","item":"https:\/\/bajocero.mx\/"},{"@type":"ListItem","position":2,"name":"Cat\u00e1logo","item":"https:\/\/bajocero.mx\/index.php\/catalogo-de-productos-bajocero\/"},{"@type":"ListItem","position":3,"name":"Filtro para f\u00e1brica de hielo"}]},{"@type":"WebSite","@id":"https:\/\/bajocero.mx\/#website","url":"https:\/\/bajocero.mx\/","name":"","description":"","potentialAction":[{"@type":"SearchAction","target":{"@type":"EntryPoint","urlTemplate":"https:\/\/bajocero.mx\/?s={search_term_string}"},"query-input":"required name=search_term_string"}],"inLanguage":"es"}]}},"_links":{"self":[{"href":"https:\/\/bajocero.mx\/index.php\/wp-json\/wp\/v2\/product\/78","targetHints":{"allow":["GET"]}}],"collection":[{"href":"https:\/\/bajocero.mx\/index.php\/wp-json\/wp\/v2\/product"}],"about":[{"href":"https:\/\/bajocero.mx\/index.php\/wp-json\/wp\/v2\/types\/product"}],"replies":[{"embeddable":true,"href":"https:\/\/bajocero.mx\/index.php\/wp-json\/wp\/v2\/comments?post=78"}],"wp:featuredmedia":[{"embeddable":true,"href":"https:\/\/bajocero.mx\/index.php\/wp-json\/wp\/v2\/media\/79"}],"wp:attachment":[{"href":"https:\/\/bajocero.mx\/index.php\/wp-json\/wp\/v2\/media?parent=78"}],"wp:term":[{"taxonomy":"product_cat","embeddable":true,"href":"https:\/\/bajocero.mx\/index.php\/wp-json\/wp\/v2\/product_cat?post=78"},{"taxonomy":"product_tag","embeddable":true,"href":"https:\/\/bajocero.mx\/index.php\/wp-json\/wp\/v2\/product_tag?post=78"}],"curies":[{"name":"wp","href":"https:\/\/api.w.org\/{rel}","templated":true}]}}