{"id":96,"date":"2022-11-22T02:58:10","date_gmt":"2022-11-22T02:58:10","guid":{"rendered":"https:\/\/bajocero.mx\/?post_type=product&#038;p=96"},"modified":"2022-12-05T05:05:29","modified_gmt":"2022-12-05T05:05:29","slug":"filtro-purificador-de-aire-subzero-7007067","status":"publish","type":"product","link":"https:\/\/bajocero.mx\/index.php\/product\/filtro-purificador-de-aire-subzero-7007067\/","title":{"rendered":"Filtro purificador de aire Subzero"},"content":{"rendered":"<p><span class=\"a-list-item\"><span style=\"vertical-align: inherit;\"><span style=\"vertical-align: inherit;\">Aut\u00e9ntico sistema de purificaci\u00f3n microbiol\u00f3gica certificado Sub-Zero de f\u00e1brica<\/span><\/span><\/span><\/p>\n<ul>\n<li><span class=\"a-list-item\"><span style=\"vertical-align: inherit;\"><span style=\"vertical-align: inherit;\">Compatible con todos los modelos Sub-Zero que utilizan purificaci\u00f3n de aire<\/span><\/span><\/span><\/li>\n<\/ul>\n<ul class=\"a-unordered-list a-vertical a-spacing-mini\">\n<li><span class=\"a-list-item\"><span style=\"vertical-align: inherit;\"><span style=\"vertical-align: inherit;\">Frescura que dura<\/span><\/span><\/span><\/li>\n<li><span class=\"a-list-item\"><span style=\"vertical-align: inherit;\"><span style=\"vertical-align: inherit;\">Reduce el gas de etileno que acelera el deterioro de los alimentos.<\/span><\/span><\/span><\/li>\n<\/ul>\n","protected":false},"excerpt":{"rendered":"<p>Aut\u00e9ntico sistema de purificaci\u00f3n microbiol\u00f3gica certificado Sub-Zero de f\u00e1brica Compatible con todos los modelos Sub-Zero que utilizan purificaci\u00f3n de aire Frescura que dura Reduce el gas de etileno que acelera el deterioro de los alimentos.<\/p>\n","protected":false},"featured_media":97,"comment_status":"open","ping_status":"closed","template":"","meta":{"_mi_skip_tracking":false,"site-sidebar-layout":"default","site-content-layout":"default","ast-global-header-display":"","ast-main-header-display":"","ast-hfb-above-header-display":"","ast-hfb-below-header-display":"","ast-hfb-mobile-header-display":"","site-post-title":"","ast-breadcrumbs-content":"","ast-featured-img":"","footer-sml-layout":"","theme-transparent-header-meta":"default","adv-header-id-meta":"","stick-header-meta":"","header-above-stick-meta":"","header-main-stick-meta":"","header-below-stick-meta":""},"product_cat":[18],"product_tag":[],"class_list":["post-96","product","type-product","status-publish","has-post-thumbnail","hentry","product_cat-productos-bajocero","desktop-align-left","tablet-align-left","mobile-align-left"],"yoast_head":"<!-- This site is optimized with the Yoast SEO plugin v19.10 - https:\/\/yoast.com\/wordpress\/plugins\/seo\/ -->\n<title>Filtro purificador de aire Subzero -<\/title>\n<meta name=\"robots\" content=\"index, follow, max-snippet:-1, max-image-preview:large, max-video-preview:-1\" \/>\n<link rel=\"canonical\" href=\"https:\/\/bajocero.mx\/index.php\/product\/filtro-purificador-de-aire-subzero-7007067\/\" \/>\n<meta property=\"og:locale\" content=\"es_MX\" \/>\n<meta property=\"og:type\" content=\"article\" \/>\n<meta property=\"og:title\" content=\"Filtro purificador de aire Subzero -\" \/>\n<meta property=\"og:description\" content=\"Aut\u00e9ntico sistema de purificaci\u00f3n microbiol\u00f3gica certificado Sub-Zero de f\u00e1brica Compatible con todos los modelos Sub-Zero que utilizan purificaci\u00f3n de aire Frescura que dura Reduce el gas de etileno que acelera el deterioro de los alimentos.\" \/>\n<meta property=\"og:url\" content=\"https:\/\/bajocero.mx\/index.php\/product\/filtro-purificador-de-aire-subzero-7007067\/\" \/>\n<meta property=\"article:modified_time\" content=\"2022-12-05T05:05:29+00:00\" \/>\n<meta property=\"og:image\" content=\"https:\/\/bajocero.mx\/wp-content\/uploads\/2022\/11\/BAJO-CERO-7.png\" \/>\n\t<meta property=\"og:image:width\" content=\"1000\" \/>\n\t<meta property=\"og:image:height\" content=\"1000\" \/>\n\t<meta property=\"og:image:type\" content=\"image\/png\" \/>\n<meta name=\"twitter:card\" content=\"summary_large_image\" \/>\n<meta name=\"twitter:label1\" content=\"Tiempo de lectura\" \/>\n\t<meta name=\"twitter:data1\" content=\"1 minuto\" \/>\n<script type=\"application\/ld+json\" class=\"yoast-schema-graph\">{\"@context\":\"https:\/\/schema.org\",\"@graph\":[{\"@type\":\"WebPage\",\"@id\":\"https:\/\/bajocero.mx\/index.php\/product\/filtro-purificador-de-aire-subzero-7007067\/\",\"url\":\"https:\/\/bajocero.mx\/index.php\/product\/filtro-purificador-de-aire-subzero-7007067\/\",\"name\":\"Filtro purificador de aire Subzero -\",\"isPartOf\":{\"@id\":\"https:\/\/bajocero.mx\/#website\"},\"datePublished\":\"2022-11-22T02:58:10+00:00\",\"dateModified\":\"2022-12-05T05:05:29+00:00\",\"breadcrumb\":{\"@id\":\"https:\/\/bajocero.mx\/index.php\/product\/filtro-purificador-de-aire-subzero-7007067\/#breadcrumb\"},\"inLanguage\":\"es\",\"potentialAction\":[{\"@type\":\"ReadAction\",\"target\":[\"https:\/\/bajocero.mx\/index.php\/product\/filtro-purificador-de-aire-subzero-7007067\/\"]}]},{\"@type\":\"BreadcrumbList\",\"@id\":\"https:\/\/bajocero.mx\/index.php\/product\/filtro-purificador-de-aire-subzero-7007067\/#breadcrumb\",\"itemListElement\":[{\"@type\":\"ListItem\",\"position\":1,\"name\":\"Home\",\"item\":\"https:\/\/bajocero.mx\/\"},{\"@type\":\"ListItem\",\"position\":2,\"name\":\"Cat\u00e1logo\",\"item\":\"https:\/\/bajocero.mx\/index.php\/catalogo-de-productos-bajocero\/\"},{\"@type\":\"ListItem\",\"position\":3,\"name\":\"Filtro purificador de aire Subzero\"}]},{\"@type\":\"WebSite\",\"@id\":\"https:\/\/bajocero.mx\/#website\",\"url\":\"https:\/\/bajocero.mx\/\",\"name\":\"\",\"description\":\"\",\"potentialAction\":[{\"@type\":\"SearchAction\",\"target\":{\"@type\":\"EntryPoint\",\"urlTemplate\":\"https:\/\/bajocero.mx\/?s={search_term_string}\"},\"query-input\":\"required name=search_term_string\"}],\"inLanguage\":\"es\"}]}<\/script>\n<!-- \/ Yoast SEO plugin. -->","yoast_head_json":{"title":"Filtro purificador de aire Subzero -","robots":{"index":"index","follow":"follow","max-snippet":"max-snippet:-1","max-image-preview":"max-image-preview:large","max-video-preview":"max-video-preview:-1"},"canonical":"https:\/\/bajocero.mx\/index.php\/product\/filtro-purificador-de-aire-subzero-7007067\/","og_locale":"es_MX","og_type":"article","og_title":"Filtro purificador de aire Subzero -","og_description":"Aut\u00e9ntico sistema de purificaci\u00f3n microbiol\u00f3gica certificado Sub-Zero de f\u00e1brica Compatible con todos los modelos Sub-Zero que utilizan purificaci\u00f3n de aire Frescura que dura Reduce el gas de etileno que acelera el deterioro de los alimentos.","og_url":"https:\/\/bajocero.mx\/index.php\/product\/filtro-purificador-de-aire-subzero-7007067\/","article_modified_time":"2022-12-05T05:05:29+00:00","og_image":[{"width":1000,"height":1000,"url":"https:\/\/bajocero.mx\/wp-content\/uploads\/2022\/11\/BAJO-CERO-7.png","type":"image\/png"}],"twitter_card":"summary_large_image","twitter_misc":{"Tiempo de lectura":"1 minuto"},"schema":{"@context":"https:\/\/schema.org","@graph":[{"@type":"WebPage","@id":"https:\/\/bajocero.mx\/index.php\/product\/filtro-purificador-de-aire-subzero-7007067\/","url":"https:\/\/bajocero.mx\/index.php\/product\/filtro-purificador-de-aire-subzero-7007067\/","name":"Filtro purificador de aire Subzero -","isPartOf":{"@id":"https:\/\/bajocero.mx\/#website"},"datePublished":"2022-11-22T02:58:10+00:00","dateModified":"2022-12-05T05:05:29+00:00","breadcrumb":{"@id":"https:\/\/bajocero.mx\/index.php\/product\/filtro-purificador-de-aire-subzero-7007067\/#breadcrumb"},"inLanguage":"es","potentialAction":[{"@type":"ReadAction","target":["https:\/\/bajocero.mx\/index.php\/product\/filtro-purificador-de-aire-subzero-7007067\/"]}]},{"@type":"BreadcrumbList","@id":"https:\/\/bajocero.mx\/index.php\/product\/filtro-purificador-de-aire-subzero-7007067\/#breadcrumb","itemListElement":[{"@type":"ListItem","position":1,"name":"Home","item":"https:\/\/bajocero.mx\/"},{"@type":"ListItem","position":2,"name":"Cat\u00e1logo","item":"https:\/\/bajocero.mx\/index.php\/catalogo-de-productos-bajocero\/"},{"@type":"ListItem","position":3,"name":"Filtro purificador de aire Subzero"}]},{"@type":"WebSite","@id":"https:\/\/bajocero.mx\/#website","url":"https:\/\/bajocero.mx\/","name":"","description":"","potentialAction":[{"@type":"SearchAction","target":{"@type":"EntryPoint","urlTemplate":"https:\/\/bajocero.mx\/?s={search_term_string}"},"query-input":"required name=search_term_string"}],"inLanguage":"es"}]}},"_links":{"self":[{"href":"https:\/\/bajocero.mx\/index.php\/wp-json\/wp\/v2\/product\/96","targetHints":{"allow":["GET"]}}],"collection":[{"href":"https:\/\/bajocero.mx\/index.php\/wp-json\/wp\/v2\/product"}],"about":[{"href":"https:\/\/bajocero.mx\/index.php\/wp-json\/wp\/v2\/types\/product"}],"replies":[{"embeddable":true,"href":"https:\/\/bajocero.mx\/index.php\/wp-json\/wp\/v2\/comments?post=96"}],"wp:featuredmedia":[{"embeddable":true,"href":"https:\/\/bajocero.mx\/index.php\/wp-json\/wp\/v2\/media\/97"}],"wp:attachment":[{"href":"https:\/\/bajocero.mx\/index.php\/wp-json\/wp\/v2\/media?parent=96"}],"wp:term":[{"taxonomy":"product_cat","embeddable":true,"href":"https:\/\/bajocero.mx\/index.php\/wp-json\/wp\/v2\/product_cat?post=96"},{"taxonomy":"product_tag","embeddable":true,"href":"https:\/\/bajocero.mx\/index.php\/wp-json\/wp\/v2\/product_tag?post=96"}],"curies":[{"name":"wp","href":"https:\/\/api.w.org\/{rel}","templated":true}]}}