{"id":98,"date":"2022-11-22T03:21:43","date_gmt":"2022-11-22T03:21:43","guid":{"rendered":"https:\/\/bajocero.mx\/?post_type=product&#038;p=98"},"modified":"2022-11-22T03:21:43","modified_gmt":"2022-11-22T03:21:43","slug":"filtro-de-agua-para-refrigerador-subzero","status":"publish","type":"product","link":"https:\/\/bajocero.mx\/index.php\/product\/filtro-de-agua-para-refrigerador-subzero\/","title":{"rendered":"Filtro de agua para refrigerador SUBZERO"},"content":{"rendered":"<p>Algunos municipios y zonas rurales pueden tener condiciones del agua demasiado malas para el filtro microbiol\u00f3gico de agua, lo que podr\u00eda obstruir el flujo despu\u00e9s de unos meses. En estas raras ocasiones, se recomienda este filtro de bloque de carb\u00f3n. Aunque este filtro no es tan robusto como el filtro microbiol\u00f3gico, durar\u00e1 12 meses en condiciones agua adversas.<\/p>\n","protected":false},"excerpt":{"rendered":"<p>Algunos municipios y zonas rurales pueden tener condiciones del agua demasiado malas para el filtro microbiol\u00f3gico de agua, lo que podr\u00eda obstruir el flujo despu\u00e9s de unos meses. En estas raras ocasiones, se recomienda este filtro de bloque de carb\u00f3n. Aunque este filtro no es tan robusto como el filtro microbiol\u00f3gico, durar\u00e1 12 meses en &hellip;<\/p>\n<p class=\"read-more\"> <a class=\"\" href=\"https:\/\/bajocero.mx\/index.php\/product\/filtro-de-agua-para-refrigerador-subzero\/\"> <span class=\"screen-reader-text\">Filtro de agua para refrigerador SUBZERO<\/span> Leer m\u00e1s &raquo;<\/a><\/p>\n","protected":false},"featured_media":99,"comment_status":"open","ping_status":"closed","template":"","meta":{"_mi_skip_tracking":false,"site-sidebar-layout":"default","site-content-layout":"default","ast-global-header-display":"","ast-main-header-display":"","ast-hfb-above-header-display":"","ast-hfb-below-header-display":"","ast-hfb-mobile-header-display":"","site-post-title":"","ast-breadcrumbs-content":"","ast-featured-img":"","footer-sml-layout":"","theme-transparent-header-meta":"default","adv-header-id-meta":"","stick-header-meta":"","header-above-stick-meta":"","header-main-stick-meta":"","header-below-stick-meta":""},"product_cat":[18],"product_tag":[],"class_list":["post-98","product","type-product","status-publish","has-post-thumbnail","hentry","product_cat-productos-bajocero","desktop-align-left","tablet-align-left","mobile-align-left"],"yoast_head":"<!-- This site is optimized with the Yoast SEO plugin v19.10 - https:\/\/yoast.com\/wordpress\/plugins\/seo\/ -->\n<title>Filtro de agua para refrigerador SUBZERO -<\/title>\n<meta name=\"robots\" content=\"index, follow, max-snippet:-1, max-image-preview:large, max-video-preview:-1\" \/>\n<link rel=\"canonical\" href=\"https:\/\/bajocero.mx\/index.php\/product\/filtro-de-agua-para-refrigerador-subzero\/\" \/>\n<meta property=\"og:locale\" content=\"es_MX\" \/>\n<meta property=\"og:type\" content=\"article\" \/>\n<meta property=\"og:title\" content=\"Filtro de agua para refrigerador SUBZERO -\" \/>\n<meta property=\"og:description\" content=\"Algunos municipios y zonas rurales pueden tener condiciones del agua demasiado malas para el filtro microbiol\u00f3gico de agua, lo que podr\u00eda obstruir el flujo despu\u00e9s de unos meses. En estas raras ocasiones, se recomienda este filtro de bloque de carb\u00f3n. Aunque este filtro no es tan robusto como el filtro microbiol\u00f3gico, durar\u00e1 12 meses en &hellip; Filtro de agua para refrigerador SUBZERO Leer m\u00e1s &raquo;\" \/>\n<meta property=\"og:url\" content=\"https:\/\/bajocero.mx\/index.php\/product\/filtro-de-agua-para-refrigerador-subzero\/\" \/>\n<meta property=\"og:image\" content=\"https:\/\/bajocero.mx\/wp-content\/uploads\/2022\/11\/BAJO-CERO-8.png\" \/>\n\t<meta property=\"og:image:width\" content=\"1000\" \/>\n\t<meta property=\"og:image:height\" content=\"1000\" \/>\n\t<meta property=\"og:image:type\" content=\"image\/png\" \/>\n<meta name=\"twitter:card\" content=\"summary_large_image\" \/>\n<meta name=\"twitter:label1\" content=\"Tiempo de lectura\" \/>\n\t<meta name=\"twitter:data1\" content=\"1 minuto\" \/>\n<script type=\"application\/ld+json\" class=\"yoast-schema-graph\">{\"@context\":\"https:\/\/schema.org\",\"@graph\":[{\"@type\":\"WebPage\",\"@id\":\"https:\/\/bajocero.mx\/index.php\/product\/filtro-de-agua-para-refrigerador-subzero\/\",\"url\":\"https:\/\/bajocero.mx\/index.php\/product\/filtro-de-agua-para-refrigerador-subzero\/\",\"name\":\"Filtro de agua para refrigerador SUBZERO -\",\"isPartOf\":{\"@id\":\"https:\/\/bajocero.mx\/#website\"},\"datePublished\":\"2022-11-22T03:21:43+00:00\",\"dateModified\":\"2022-11-22T03:21:43+00:00\",\"breadcrumb\":{\"@id\":\"https:\/\/bajocero.mx\/index.php\/product\/filtro-de-agua-para-refrigerador-subzero\/#breadcrumb\"},\"inLanguage\":\"es\",\"potentialAction\":[{\"@type\":\"ReadAction\",\"target\":[\"https:\/\/bajocero.mx\/index.php\/product\/filtro-de-agua-para-refrigerador-subzero\/\"]}]},{\"@type\":\"BreadcrumbList\",\"@id\":\"https:\/\/bajocero.mx\/index.php\/product\/filtro-de-agua-para-refrigerador-subzero\/#breadcrumb\",\"itemListElement\":[{\"@type\":\"ListItem\",\"position\":1,\"name\":\"Home\",\"item\":\"https:\/\/bajocero.mx\/\"},{\"@type\":\"ListItem\",\"position\":2,\"name\":\"Cat\u00e1logo\",\"item\":\"https:\/\/bajocero.mx\/index.php\/catalogo-de-productos-bajocero\/\"},{\"@type\":\"ListItem\",\"position\":3,\"name\":\"Filtro de agua para refrigerador SUBZERO\"}]},{\"@type\":\"WebSite\",\"@id\":\"https:\/\/bajocero.mx\/#website\",\"url\":\"https:\/\/bajocero.mx\/\",\"name\":\"\",\"description\":\"\",\"potentialAction\":[{\"@type\":\"SearchAction\",\"target\":{\"@type\":\"EntryPoint\",\"urlTemplate\":\"https:\/\/bajocero.mx\/?s={search_term_string}\"},\"query-input\":\"required name=search_term_string\"}],\"inLanguage\":\"es\"}]}<\/script>\n<!-- \/ Yoast SEO plugin. -->","yoast_head_json":{"title":"Filtro de agua para refrigerador SUBZERO -","robots":{"index":"index","follow":"follow","max-snippet":"max-snippet:-1","max-image-preview":"max-image-preview:large","max-video-preview":"max-video-preview:-1"},"canonical":"https:\/\/bajocero.mx\/index.php\/product\/filtro-de-agua-para-refrigerador-subzero\/","og_locale":"es_MX","og_type":"article","og_title":"Filtro de agua para refrigerador SUBZERO -","og_description":"Algunos municipios y zonas rurales pueden tener condiciones del agua demasiado malas para el filtro microbiol\u00f3gico de agua, lo que podr\u00eda obstruir el flujo despu\u00e9s de unos meses. En estas raras ocasiones, se recomienda este filtro de bloque de carb\u00f3n. Aunque este filtro no es tan robusto como el filtro microbiol\u00f3gico, durar\u00e1 12 meses en &hellip; Filtro de agua para refrigerador SUBZERO Leer m\u00e1s &raquo;","og_url":"https:\/\/bajocero.mx\/index.php\/product\/filtro-de-agua-para-refrigerador-subzero\/","og_image":[{"width":1000,"height":1000,"url":"https:\/\/bajocero.mx\/wp-content\/uploads\/2022\/11\/BAJO-CERO-8.png","type":"image\/png"}],"twitter_card":"summary_large_image","twitter_misc":{"Tiempo de lectura":"1 minuto"},"schema":{"@context":"https:\/\/schema.org","@graph":[{"@type":"WebPage","@id":"https:\/\/bajocero.mx\/index.php\/product\/filtro-de-agua-para-refrigerador-subzero\/","url":"https:\/\/bajocero.mx\/index.php\/product\/filtro-de-agua-para-refrigerador-subzero\/","name":"Filtro de agua para refrigerador SUBZERO -","isPartOf":{"@id":"https:\/\/bajocero.mx\/#website"},"datePublished":"2022-11-22T03:21:43+00:00","dateModified":"2022-11-22T03:21:43+00:00","breadcrumb":{"@id":"https:\/\/bajocero.mx\/index.php\/product\/filtro-de-agua-para-refrigerador-subzero\/#breadcrumb"},"inLanguage":"es","potentialAction":[{"@type":"ReadAction","target":["https:\/\/bajocero.mx\/index.php\/product\/filtro-de-agua-para-refrigerador-subzero\/"]}]},{"@type":"BreadcrumbList","@id":"https:\/\/bajocero.mx\/index.php\/product\/filtro-de-agua-para-refrigerador-subzero\/#breadcrumb","itemListElement":[{"@type":"ListItem","position":1,"name":"Home","item":"https:\/\/bajocero.mx\/"},{"@type":"ListItem","position":2,"name":"Cat\u00e1logo","item":"https:\/\/bajocero.mx\/index.php\/catalogo-de-productos-bajocero\/"},{"@type":"ListItem","position":3,"name":"Filtro de agua para refrigerador SUBZERO"}]},{"@type":"WebSite","@id":"https:\/\/bajocero.mx\/#website","url":"https:\/\/bajocero.mx\/","name":"","description":"","potentialAction":[{"@type":"SearchAction","target":{"@type":"EntryPoint","urlTemplate":"https:\/\/bajocero.mx\/?s={search_term_string}"},"query-input":"required name=search_term_string"}],"inLanguage":"es"}]}},"_links":{"self":[{"href":"https:\/\/bajocero.mx\/index.php\/wp-json\/wp\/v2\/product\/98","targetHints":{"allow":["GET"]}}],"collection":[{"href":"https:\/\/bajocero.mx\/index.php\/wp-json\/wp\/v2\/product"}],"about":[{"href":"https:\/\/bajocero.mx\/index.php\/wp-json\/wp\/v2\/types\/product"}],"replies":[{"embeddable":true,"href":"https:\/\/bajocero.mx\/index.php\/wp-json\/wp\/v2\/comments?post=98"}],"wp:featuredmedia":[{"embeddable":true,"href":"https:\/\/bajocero.mx\/index.php\/wp-json\/wp\/v2\/media\/99"}],"wp:attachment":[{"href":"https:\/\/bajocero.mx\/index.php\/wp-json\/wp\/v2\/media?parent=98"}],"wp:term":[{"taxonomy":"product_cat","embeddable":true,"href":"https:\/\/bajocero.mx\/index.php\/wp-json\/wp\/v2\/product_cat?post=98"},{"taxonomy":"product_tag","embeddable":true,"href":"https:\/\/bajocero.mx\/index.php\/wp-json\/wp\/v2\/product_tag?post=98"}],"curies":[{"name":"wp","href":"https:\/\/api.w.org\/{rel}","templated":true}]}}